{"id":50,"date":"2018-01-22T22:26:45","date_gmt":"2018-01-22T22:26:45","guid":{"rendered":"http:\/\/www.okayozdag.com\/?page_id=50"},"modified":"2023-11-01T19:37:28","modified_gmt":"2023-11-01T19:37:28","slug":"bio-tr","status":"publish","type":"page","link":"https:\/\/www.okayozdag.com\/?page_id=50","title":{"rendered":"&#8212; BIO &#8212;"},"content":{"rendered":"<p><img loading=\"lazy\" decoding=\"async\" class=\"size-medium wp-image-29 aligncenter\" src=\"http:\/\/www.okayozdag.com\/wp-content\/uploads\/2018\/01\/Okay-O\u0308zdag-Profilbild-200x300.jpg\" alt=\"\" width=\"200\" height=\"300\" srcset=\"https:\/\/www.okayozdag.com\/wp-content\/uploads\/2018\/01\/Okay-O\u0308zdag-Profilbild-200x300.jpg 200w, https:\/\/www.okayozdag.com\/wp-content\/uploads\/2018\/01\/Okay-O\u0308zdag-Profilbild-768x1151.jpg 768w, https:\/\/www.okayozdag.com\/wp-content\/uploads\/2018\/01\/Okay-O\u0308zdag-Profilbild-644x965.jpg 644w\" sizes=\"auto, (max-width: 200px) 100vw, 200px\" \/><strong>T\u00dcRK\u00c7E<\/strong><\/p>\n<p>Okay \u00d6zda\u011f, T\u00fcrkiye\u2019de ve Almanya\u2019da bir\u00e7ok sahnede yer alm\u0131\u015f bir gitarist ve bestecidir. Repertuar\u0131, kendi kompozisyonlar\u0131ndan, Anadolu halk ezgilerinin klasik gitar d\u00fczenlemelerinden ve klasik gitar edebiyat\u0131n\u0131n farkl\u0131 d\u00f6nemlere ait eserlerinden olu\u015fmaktad\u0131r. Bir\u00e7ok eserinde Anadolu m\u00fczi\u011finin karakteristik -armonik, melodik, ritmik- \u00f6\u011felerini i\u015flemi\u015ftir. Bu eserler bir\u00e7ok gitarist taraf\u0131ndan seslendirilmektedir.<\/p>\n<p>Okay \u00d6zda\u011f 19 Ocak 1985\u2019de Adana\u2019da do\u011fdu. M\u00fczi\u011fe y\u00f6nelmesinde babas\u0131 \u015eemsettin \u00d6zda\u011f ve day\u0131s\u0131 Murat Avc\u0131 etkili oldu. \u0130lk m\u00fczik e\u011fitimini de ayn\u0131 isimlerden ald\u0131. Daha sonra Utku \u00d6zkano\u011flu\u2019ndan dersler ald\u0131. Uluda\u011f \u00dcniversitesi M\u00fczik \u00d6\u011fretmenli\u011fi giri\u015f s\u0131nav\u0131na kendi bestesi \u201cDayumetin\u201d ile kat\u0131ld\u0131 ve \u00fcniversiteye giri\u015f s\u0131nav\u0131n\u0131 kazand\u0131. (2003) Uluda\u011f \u00dcniversitesi\u2019nde okudu\u011fu s\u00fcre i\u00e7erisinde b\u00f6l\u00fcmde yap\u0131lan \u00e7e\u015fitli konserlere solist olarak kat\u0131ld\u0131. Fl\u00fct, keman ve koro e\u015flikleri yapt\u0131.\u00a0Bursa I\u015f\u0131klar Askeri Lisesinde gitar dersleri verdi. (2004\u20132006) Bursa Nil\u00fcfer Belediyesi Konak K\u00fclt\u00fcr Merkezinde \u201cM\u00fczik E\u011fitimi \u00c7al\u0131\u015fmalar\u0131\u201d b\u00fcnyesinde gitar dersleri verdi. (2006-2007) \u00dcniversitedeki son y\u0131l\u0131nda 44 s\u0131n\u0131f arkada\u015f\u0131n\u0131n her biri i\u00e7in besteledi\u011fi \u2018k\u00fc\u00e7\u00fck gitar par\u00e7alar\u0131\u2019 ndan olu\u015fan solo konser verdi. (2007) Uluda\u011f \u00dcniversitesi M\u00fczik \u00d6\u011fretmenli\u011fi B\u00f6l\u00fcm\u00fcnden mezun oldu. (2007)<\/p>\n<p>Almanya, K\u00f6ln Y\u00fcksek M\u00fczik Okulu\u2019nda (Hochschule F\u00fcr Musik und Tanz K\u00f6ln) y\u00fcksek lisans\u0131n\u0131 (Master of Music) Prof. Gerhard Reichenbach ile yaparak pekiyi derece ile tamamlad\u0131. (2011)<\/p>\n<p>Mimar Sinan G\u00fczel Sanatlar \u00dcniversitesi&#8217;nde &#8220;81 Halk M\u00fczi\u011fi D\u00fczenlemesi&#8221; ile\u00a0Doktora\/Sanatta Yeterlik\u00a0 &#8220;Doctorate of Musical Arts&#8221;\u00a0 \u00e7al\u0131\u015fmalar\u0131n\u0131 tamamlad\u0131. (2017)<\/p>\n<p>Halen\u00a0\u0130skenderun Teknik\u00a0\u00dcniversitesi Mustafa Yaz\u0131c\u0131 Devlet Konservatuvar\u0131nda<br \/>\nDo\u00e7ent olarak \u00e7al\u0131\u015fmaktad\u0131r.<\/p>\n<p><img loading=\"lazy\" decoding=\"async\" class=\"size-medium wp-image-60 aligncenter\" src=\"http:\/\/www.okayozdag.com\/wp-content\/uploads\/2018\/01\/Okay-O\u0308zdag-109-von-229-300x200.jpg\" alt=\"\" width=\"300\" height=\"200\" srcset=\"https:\/\/www.okayozdag.com\/wp-content\/uploads\/2018\/01\/Okay-O\u0308zdag-109-von-229-300x200.jpg 300w, https:\/\/www.okayozdag.com\/wp-content\/uploads\/2018\/01\/Okay-O\u0308zdag-109-von-229-768x511.jpg 768w, https:\/\/www.okayozdag.com\/wp-content\/uploads\/2018\/01\/Okay-O\u0308zdag-109-von-229-644x429.jpg 644w\" sizes=\"auto, (max-width: 300px) 100vw, 300px\" \/><\/p>\n<p><strong>ENGLISH<\/strong><\/p>\n<p>Okay \u00d6zda\u011f is a guitar player and a composer who performed at various prestigious stages both in Turkey and in Germany. His program includes pieces of his own composition and various works belonging to different periods of classical guitar literature. His works have a distinct Anatolian atmosphere, and they already inspired many guitar players.<\/p>\n<p>He was born in 1985 in Adana\/Turkey. He was early influenced by his father \u015eemsettin \u00d6zda\u011f and his uncle Murat Avc\u0131, who were responsible for his first musical education and guitar training. Later, he took private guitar lessons with Utku \u00d6zkano\u011flu. He was admitted at Uluda\u011f University Music Department for his own guitar composition: \u201dDayumetin\u201d (2003). During the years at the University, he participated in various concerts as a soloist and in some occations he was accompanied by other instruments like flute or violin; he was also accompanied by the university choir. During these years he gave guitar lessons at\u00a0 Bursa I\u015f\u0131klar Military High school (2004\u20132006). He actively participated in the organization of the course denominated \u201cMusic education lessons\u201d where he gave classical guitar lessons at the Bursa Nilufer Municipality Konak Culture Center. During his final year as a student, he performed a solo concert with the title \u2018little guitar pieces\u2019 to his 44 classmates, composed by pieces meant specifically for each one of them. He graduated from Uluda\u011f University\u00a0Department of Music as a music teacher. (\u201dBachelor of Music\u201d, 2007).<\/p>\n<p>He became a postgraduate student at the Hochschule F\u00fcr Musik K\u00f6ln (Germany), and he studied with Professor Gerhard Reichenbach. (&#8220;Master of Music&#8221;, 2011)<\/p>\n<p>He\u00a0completed his\u00a0&#8220;Doctorate of Musical Arts&#8221; with &#8220;81 Traditional Anatolian Folk Songs Arrangement&#8221; at Mimar Sinan Fine Arts University\/Turkey. (2017)<\/p>\n<p>He is also Associate Professor at Iskenderun Technical University State Conservatory. \u0130skenderun\/Hatay<\/p>\n<p><img loading=\"lazy\" decoding=\"async\" class=\"size-medium wp-image-194 aligncenter\" src=\"http:\/\/www.okayozdag.com\/wp-content\/uploads\/2018\/01\/Okay-O\u0308zdag-65-von-229-200x300.jpg\" alt=\"\" width=\"200\" height=\"300\" srcset=\"https:\/\/www.okayozdag.com\/wp-content\/uploads\/2018\/01\/Okay-O\u0308zdag-65-von-229-200x300.jpg 200w, https:\/\/www.okayozdag.com\/wp-content\/uploads\/2018\/01\/Okay-O\u0308zdag-65-von-229-768x1154.jpg 768w, https:\/\/www.okayozdag.com\/wp-content\/uploads\/2018\/01\/Okay-O\u0308zdag-65-von-229-644x968.jpg 644w, https:\/\/www.okayozdag.com\/wp-content\/uploads\/2018\/01\/Okay-O\u0308zdag-65-von-229.jpg 1938w\" sizes=\"auto, (max-width: 200px) 100vw, 200px\" \/><\/p>\n<p><strong>DEUTSCH<\/strong><\/p>\n<p>Okay \u00d6zdag ist ein junger Vertreter einer neuen Generation von Musikern, die zugleich\u00a0 Interpreten und Komponisten sind.\u00a0Seine Kompositionen sind anatolischer Volksmusik beeinflusst werden von immer mehr Gitarristen wegen ihrer interessante Klanglichkeit gesch\u00e4tzt und gespielt.<\/p>\n<p>Seine ersten musikalischen Inspirationen als Gitarrist erh\u00e4lt er von seinem Vater Semsettin \u00d6zdag und sein Onkel Murat Avci.\u00a0 Von diesen bekam er auch seine erste Musikausbildung. Erste professionelle Gitarrenkurse\u00a0 unterrichtete ihm Utku \u00d6zkanoglu. 2003 hat er sich an der Uludag Universit\u00e4t f\u00fcr den Studiengang \u201cMusik Lehramt\u201d mit seiner eigenen Komposition (Dayumetin) beworben und hat den Platz bekommen.\u00a02004-2006 hat er in Bursa Isiklar milit\u00e4rische Gymnasium den Sch\u00fclern Gitarrenunterricht gegeben. 17-04-07\u00a0 hat er\u00a0 ein Solo Konzert mit seiner Selbstkomposition -f\u00fcr seine 44 Kommilitonen gewidmet &#8211; gegeben. 2006-2007 Er gab im Bursa\u00a0 Nil\u00fcfer Konak Kultur Zentrum \u201cMusikausbildungskurse\u201d f\u00fcr Jugendliche\u00a0 im unterschiedlichen Alter.\u00a0 Ausserdem war er in dieser Institut\u00a0 bei allen Organisationen aktiv. 2007 absolvierte er den Studiengang Musik Lehramt (Bachelor of Music) an der Uludag Universit\u00e4t in Bursa\/Turkei.<\/p>\n<p>2011 absolvierte er den Studiengang &#8221; Master of Music&#8221;, Gitarre Solo an der Hochschule f\u00fcr Musik und Tanz K\u00f6ln beim prof. Gerhard Reichenbach.<\/p>\n<p>2017\u00a0er hat seine Doktorarbeit\u00a0&#8220;Doctorate of Musical Arts&#8221; an der Mimar Sinan Fine Arts University in der Turkei abgeschlossen.<\/p>\n<p><img loading=\"lazy\" decoding=\"async\" class=\"size-medium wp-image-201 aligncenter\" src=\"http:\/\/www.okayozdag.com\/wp-content\/uploads\/2018\/01\/Okay-O\u0308zdag-2-von-229-200x300.jpg\" alt=\"\" width=\"200\" height=\"300\" srcset=\"https:\/\/www.okayozdag.com\/wp-content\/uploads\/2018\/01\/Okay-O\u0308zdag-2-von-229-200x300.jpg 200w, https:\/\/www.okayozdag.com\/wp-content\/uploads\/2018\/01\/Okay-O\u0308zdag-2-von-229-768x1154.jpg 768w, https:\/\/www.okayozdag.com\/wp-content\/uploads\/2018\/01\/Okay-O\u0308zdag-2-von-229-644x968.jpg 644w\" sizes=\"auto, (max-width: 200px) 100vw, 200px\" \/><\/p>\n<p><strong>ESPA\u00d1OL<\/strong><\/p>\n<p>Okay \u00d6zda\u011f es un joven guitarrista y compositor que se ha presentado en conciertos en varios escenarios prestigiosos tanto\u00a0\u00a0en Turqu\u00eda como en Alemania. Su programa incluye piezas de composici\u00f3n propia y diversos trabajos que pertenecen a\u00a0\u00a0diferentes periodos de la literatura de la guitarra cl\u00e1sica. Su trabajo posee rasgos caracter\u00edsticos de la atm\u00f3sfera\u00a0Anatoliana, y han sido la fuente de inspiraci\u00f3n de varios guitarristas internacionales.<\/p>\n<p>Naci\u00f3 en el a\u00f1o 1985 en la ciudad de Adana, Turqu\u00eda. Desde ni\u00f1o fue influenciado directamente por su padre, \u015eemsettin\u00a0\u00a0\u00d6zda\u011f, y por su t\u00edo, Murat Avc\u0131.\u00a0 Ellos fueron responsables de las primeras aproximaciones de Okay hacia la m\u00fasica y hacia\u00a0\u00a0el estudio de guitarra cl\u00e1sica.\u00a0 Con el pasar de los a\u00f1os comenz\u00f3 formalmente a tomar clases de guitarra con Utku \u00d6zkano\u011flu. En el a\u00f1o 2003 fue admitido en el departamento de M\u00fasica de la universidad de Uluda\u011f, gracias a la presentaci\u00f3n de\u00a0\u00a0\u201cDayumetin\u201d, una composici\u00f3n de autor\u00eda propia. All\u00ed particip\u00f3 de varios conciertos como solista y, en algunas ocasiones,\u00a0acompa\u00f1ado por otros instrumentos como la flauta o el viol\u00edn; asimismo fue acompa\u00f1ado por el coro de la Universidad. Entre el 2004 y el 2006 trabaj\u00f3 dando lecciones de guitarra en la Escuela Militar \u201cBursa I\u015f\u0131klar High school\u201d.\u00a0 Particip\u00f3\u00a0\u00a0activamente en la organizaci\u00f3n del curso denominado: \u201cMusic education lessons\u201d, en el centro cultural municipal \u201cKonak\u201d, de\u00a0\u00a0Bursa Nilufer. All\u00ed di\u00f3 clases de guitarra. En su \u00faltimo a\u00f1o como estudiante se present\u00f3 como solista en un concierto titulado \u201cpeque\u00f1as piezas de guitarra\u201d,\u00a0\u00a0dedicado a los compa\u00f1eros de clase. Dicha composici\u00f3n consta de 44 piezas musicales, cada una dedicada espec\u00edficamente para\u00a0\u00a0cada uno de sus compa\u00f1eros.\u00a0En el a\u00f10 2007 se gradu\u00f3 como professor de m\u00fasica de la Universidad de Uluda\u011f, con el t\u00edtulo de \u201cBachiller en M\u00fasica\u201d.<\/p>\n<p>Posteriormente se convirti\u00f3 en estudiante de postgrado de la Hochschule F\u00fcr Musik K\u00f6ln, Alemania. Estudi\u00f3 all\u00ed con el profesor Gerhard Reichenbach, donde obtuvo el t\u00edtulo de\u00a0 \u201cMaster of Music, Guitar Solo. (2011)<\/p>\n<p>Gradu\u00f3 &#8220;Doctorado en Artes Musicales&#8221; en la Universidad Mimar Sinan de Arte (\u00a0Turqu\u00eda). (2017)<\/p>\n<p><a href=\"http:\/\/www.okayozdag.com\">&lt; Back<\/a><\/p>\n","protected":false},"excerpt":{"rendered":"<p>T\u00dcRK\u00c7E Okay \u00d6zda\u011f, T\u00fcrkiye\u2019de ve Almanya\u2019da bir\u00e7ok sahnede yer alm\u0131\u015f bir gitarist ve bestecidir. Repertuar\u0131, kendi kompozisyonlar\u0131ndan, Anadolu halk ezgilerinin klasik gitar d\u00fczenlemelerinden ve klasik gitar edebiyat\u0131n\u0131n farkl\u0131 d\u00f6nemlere ait eserlerinden olu\u015fmaktad\u0131r. Bir\u00e7ok eserinde Anadolu m\u00fczi\u011finin karakteristik -armonik, melodik, ritmik- \u00f6\u011felerini i\u015flemi\u015ftir. Bu eserler bir\u00e7ok gitarist taraf\u0131ndan seslendirilmektedir. Okay \u00d6zda\u011f 19 Ocak 1985\u2019de Adana\u2019da do\u011fdu&#8230;.<\/p>\n","protected":false},"author":1,"featured_media":0,"parent":0,"menu_order":0,"comment_status":"closed","ping_status":"closed","template":"","meta":{"footnotes":""},"class_list":["post-50","page","type-page","status-publish","hentry"],"_links":{"self":[{"href":"https:\/\/www.okayozdag.com\/index.php?rest_route=\/wp\/v2\/pages\/50","targetHints":{"allow":["GET"]}}],"collection":[{"href":"https:\/\/www.okayozdag.com\/index.php?rest_route=\/wp\/v2\/pages"}],"about":[{"href":"https:\/\/www.okayozdag.com\/index.php?rest_route=\/wp\/v2\/types\/page"}],"author":[{"embeddable":true,"href":"https:\/\/www.okayozdag.com\/index.php?rest_route=\/wp\/v2\/users\/1"}],"replies":[{"embeddable":true,"href":"https:\/\/www.okayozdag.com\/index.php?rest_route=%2Fwp%2Fv2%2Fcomments&post=50"}],"version-history":[{"count":25,"href":"https:\/\/www.okayozdag.com\/index.php?rest_route=\/wp\/v2\/pages\/50\/revisions"}],"predecessor-version":[{"id":454,"href":"https:\/\/www.okayozdag.com\/index.php?rest_route=\/wp\/v2\/pages\/50\/revisions\/454"}],"wp:attachment":[{"href":"https:\/\/www.okayozdag.com\/index.php?rest_route=%2Fwp%2Fv2%2Fmedia&parent=50"}],"curies":[{"name":"wp","href":"https:\/\/api.w.org\/{rel}","templated":true}]}}